{"id":377,"date":"2025-09-16T14:35:44","date_gmt":"2025-09-16T12:35:44","guid":{"rendered":"https:\/\/lechia-zg.sklep.pl\/?post_type=product&#038;p=377"},"modified":"2026-01-01T23:28:46","modified_gmt":"2026-01-01T22:28:46","slug":"koszulka-kibica","status":"publish","type":"product","link":"https:\/\/lechia-zg.sklep.pl\/index.php\/produkt\/koszulka-kibica\/","title":{"rendered":"Koszulka kibica"},"content":{"rendered":"","protected":false},"excerpt":{"rendered":"<p>Kibicowska koszulka Lechii Zielona G\u00f3ra to klasyczny model wykonany z wysokiej jako\u015bci bawe\u0142ny w bia\u0142eym kolorze. Na klatce piersiowej widnieje wyrazisty napis <strong data-start=\"171\" data-end=\"180\">Lechia<\/strong>, podkre\u015blaj\u0105c dum\u0119 i przywi\u0105zanie do dru\u017cyny. Prosty, ale efektowny design sprawia, \u017ce koszulka idealnie nadaje si\u0119 zar\u00f3wno na trybuny, jak i do codziennego noszenia.<\/p>\n","protected":false},"featured_media":712,"comment_status":"open","ping_status":"closed","template":"","meta":[],"product_brand":[],"product_cat":[25,20],"product_tag":[],"class_list":{"0":"post-377","1":"product","2":"type-product","3":"status-publish","4":"has-post-thumbnail","6":"product_cat-koszulki","7":"product_cat-odziez","9":"first","10":"instock","11":"shipping-taxable","12":"purchasable","13":"product-type-variable"},"_links":{"self":[{"href":"https:\/\/lechia-zg.sklep.pl\/index.php\/wp-json\/wp\/v2\/product\/377","targetHints":{"allow":["GET"]}}],"collection":[{"href":"https:\/\/lechia-zg.sklep.pl\/index.php\/wp-json\/wp\/v2\/product"}],"about":[{"href":"https:\/\/lechia-zg.sklep.pl\/index.php\/wp-json\/wp\/v2\/types\/product"}],"replies":[{"embeddable":true,"href":"https:\/\/lechia-zg.sklep.pl\/index.php\/wp-json\/wp\/v2\/comments?post=377"}],"wp:featuredmedia":[{"embeddable":true,"href":"https:\/\/lechia-zg.sklep.pl\/index.php\/wp-json\/wp\/v2\/media\/712"}],"wp:attachment":[{"href":"https:\/\/lechia-zg.sklep.pl\/index.php\/wp-json\/wp\/v2\/media?parent=377"}],"wp:term":[{"taxonomy":"product_brand","embeddable":true,"href":"https:\/\/lechia-zg.sklep.pl\/index.php\/wp-json\/wp\/v2\/product_brand?post=377"},{"taxonomy":"product_cat","embeddable":true,"href":"https:\/\/lechia-zg.sklep.pl\/index.php\/wp-json\/wp\/v2\/product_cat?post=377"},{"taxonomy":"product_tag","embeddable":true,"href":"https:\/\/lechia-zg.sklep.pl\/index.php\/wp-json\/wp\/v2\/product_tag?post=377"}],"curies":[{"name":"wp","href":"https:\/\/api.w.org\/{rel}","templated":true}]}}